{"id":420,"date":"2022-09-13T09:08:50","date_gmt":"2022-09-13T09:08:50","guid":{"rendered":"https:\/\/aurorabasecamp.is\/?page_id=420"},"modified":"2025-12-01T11:41:05","modified_gmt":"2025-12-01T11:41:05","slug":"events","status":"publish","type":"page","link":"https:\/\/aurorabasecamp.is\/is\/events\/","title":{"rendered":"R\u00fdmin okkar"},"content":{"rendered":"\t\t<div data-elementor-type=\"wp-page\" data-elementor-id=\"420\" class=\"elementor elementor-420\" data-elementor-post-type=\"page\">\n\t\t\t\t\t\t<section class=\"elementor-section elementor-top-section elementor-element elementor-element-33e3059 elementor-section-full_width elementor-section-height-min-height elementor-section-items-stretch elementor-section-content-middle elementor-section-height-default elementor-invisible\" data-id=\"33e3059\" data-element_type=\"section\" data-e-type=\"section\" data-settings=\"{&quot;animation&quot;:&quot;fadeIn&quot;}\">\n\t\t\t\t\t\t<div class=\"elementor-container elementor-column-gap-default\">\n\t\t\t\t\t<div class=\"elementor-column elementor-col-100 elementor-top-column elementor-element elementor-element-d9149bd\" data-id=\"d9149bd\" data-element_type=\"column\" data-e-type=\"column\">\n\t\t\t<div class=\"elementor-widget-wrap elementor-element-populated\">\n\t\t\t\t\t\t\t<\/div>\n\t\t<\/div>\n\t\t\t\t\t<\/div>\n\t\t<\/section>\n\t\t\t\t<section class=\"elementor-section elementor-top-section elementor-element elementor-element-14f5296 elementor-section-full_width elementor-reverse-tablet elementor-reverse-mobile elementor-section-height-default elementor-section-height-default elementor-invisible\" data-id=\"14f5296\" data-element_type=\"section\" data-e-type=\"section\" data-settings=\"{&quot;background_background&quot;:&quot;classic&quot;,&quot;animation&quot;:&quot;fadeIn&quot;}\">\n\t\t\t\t\t\t<div class=\"elementor-container elementor-column-gap-default\">\n\t\t\t\t\t<div class=\"elementor-column elementor-col-50 elementor-top-column elementor-element elementor-element-44ca34c\" data-id=\"44ca34c\" data-element_type=\"column\" data-e-type=\"column\">\n\t\t\t<div class=\"elementor-widget-wrap elementor-element-populated\">\n\t\t\t\t\t\t<div class=\"elementor-element elementor-element-05b486a elementor-widget-tablet__width-inherit elementor-widget elementor-widget-heading\" data-id=\"05b486a\" data-element_type=\"widget\" data-e-type=\"widget\" data-widget_type=\"heading.default\">\n\t\t\t\t<div class=\"elementor-widget-container\">\n\t\t\t\t\t<h2 class=\"elementor-heading-title elementor-size-default\">A unique location for a private event<\/h2>\t\t\t\t<\/div>\n\t\t\t\t<\/div>\n\t\t\t\t<div class=\"elementor-element elementor-element-1fc832b elementor-widget-tablet__width-inherit elementor-widget elementor-widget-text-editor\" data-id=\"1fc832b\" data-element_type=\"widget\" data-e-type=\"widget\" data-widget_type=\"text-editor.default\">\n\t\t\t\t<div class=\"elementor-widget-container\">\n\t\t\t\t\t\t\t\t\t<p>The Aurora Basecamp domes are located in Hafnarfj\u00f6r\u00f0ur, on the intersection of Kr\u00fdsuv\u00edk road and Bl\u00e1fjallavegur, just 20 minutes away from Reykjav\u00edk. <br \/>The guests leave Reykjav\u00edk behind and drive into the wilderness of Reykjanes and into another world.The spherical design is what makes this location unique and different from any other party hall in the Capital area.<\/p><p><strong>Our large dome<\/strong> is 150 square meters and it is equipped with tables and benches that can accommodate 80 people seated and 120 people standing. Projectors and sound systems are available.<\/p><p><strong>Our smaller dome<\/strong> is 110 square meters and can accommodate 60 people seated or 100 people standing. Please note that the smaller dome is not insulated.<\/p>\t\t\t\t\t\t\t\t<\/div>\n\t\t\t\t<\/div>\n\t\t\t\t\t<\/div>\n\t\t<\/div>\n\t\t\t\t<div class=\"elementor-column elementor-col-50 elementor-top-column elementor-element elementor-element-e9b1e7e\" data-id=\"e9b1e7e\" data-element_type=\"column\" data-e-type=\"column\" data-settings=\"{&quot;background_background&quot;:&quot;classic&quot;,&quot;motion_fx_motion_fx_scrolling&quot;:&quot;yes&quot;,&quot;motion_fx_translateY_effect&quot;:&quot;yes&quot;,&quot;motion_fx_translateY_speed&quot;:{&quot;unit&quot;:&quot;px&quot;,&quot;size&quot;:1.5,&quot;sizes&quot;:[]},&quot;motion_fx_devices&quot;:[&quot;desktop&quot;,&quot;tablet&quot;],&quot;motion_fx_translateY_affectedRange&quot;:{&quot;unit&quot;:&quot;%&quot;,&quot;size&quot;:&quot;&quot;,&quot;sizes&quot;:{&quot;start&quot;:0,&quot;end&quot;:100}}}\">\n\t\t\t<div class=\"elementor-widget-wrap elementor-element-populated\">\n\t\t\t\t\t\t<div class=\"elementor-element elementor-element-7db1bb1 elementor-widget elementor-widget-spacer\" data-id=\"7db1bb1\" data-element_type=\"widget\" data-e-type=\"widget\" data-widget_type=\"spacer.default\">\n\t\t\t\t<div class=\"elementor-widget-container\">\n\t\t\t\t\t\t\t<div class=\"elementor-spacer\">\n\t\t\t<div class=\"elementor-spacer-inner\"><\/div>\n\t\t<\/div>\n\t\t\t\t\t\t<\/div>\n\t\t\t\t<\/div>\n\t\t\t\t\t<\/div>\n\t\t<\/div>\n\t\t\t\t\t<\/div>\n\t\t<\/section>\n\t\t\t\t<section class=\"elementor-section elementor-top-section elementor-element elementor-element-688bde9 elementor-section-full_width elementor-section-height-default elementor-section-height-default elementor-invisible\" data-id=\"688bde9\" data-element_type=\"section\" data-e-type=\"section\" data-settings=\"{&quot;background_background&quot;:&quot;classic&quot;,&quot;animation&quot;:&quot;fadeIn&quot;}\">\n\t\t\t\t\t\t<div class=\"elementor-container elementor-column-gap-default\">\n\t\t\t\t\t<div class=\"elementor-column elementor-col-50 elementor-top-column elementor-element elementor-element-857500d\" data-id=\"857500d\" data-element_type=\"column\" data-e-type=\"column\" data-settings=\"{&quot;background_background&quot;:&quot;classic&quot;,&quot;motion_fx_motion_fx_scrolling&quot;:&quot;yes&quot;,&quot;motion_fx_translateY_effect&quot;:&quot;yes&quot;,&quot;motion_fx_translateY_speed&quot;:{&quot;unit&quot;:&quot;px&quot;,&quot;size&quot;:1.5,&quot;sizes&quot;:[]},&quot;motion_fx_devices&quot;:[&quot;desktop&quot;,&quot;tablet&quot;],&quot;motion_fx_translateY_affectedRange&quot;:{&quot;unit&quot;:&quot;%&quot;,&quot;size&quot;:&quot;&quot;,&quot;sizes&quot;:{&quot;start&quot;:0,&quot;end&quot;:100}}}\">\n\t\t\t<div class=\"elementor-widget-wrap elementor-element-populated\">\n\t\t\t\t\t\t<div class=\"elementor-element elementor-element-13bba9a elementor-widget elementor-widget-spacer\" data-id=\"13bba9a\" data-element_type=\"widget\" data-e-type=\"widget\" data-widget_type=\"spacer.default\">\n\t\t\t\t<div class=\"elementor-widget-container\">\n\t\t\t\t\t\t\t<div class=\"elementor-spacer\">\n\t\t\t<div class=\"elementor-spacer-inner\"><\/div>\n\t\t<\/div>\n\t\t\t\t\t\t<\/div>\n\t\t\t\t<\/div>\n\t\t\t\t\t<\/div>\n\t\t<\/div>\n\t\t\t\t<div class=\"elementor-column elementor-col-50 elementor-top-column elementor-element elementor-element-7294b77\" data-id=\"7294b77\" data-element_type=\"column\" data-e-type=\"column\">\n\t\t\t<div class=\"elementor-widget-wrap elementor-element-populated\">\n\t\t\t\t\t\t<div class=\"elementor-element elementor-element-40b8cf3 elementor-widget-tablet__width-inherit elementor-widget elementor-widget-text-editor\" data-id=\"40b8cf3\" data-element_type=\"widget\" data-e-type=\"widget\" data-widget_type=\"text-editor.default\">\n\t\t\t\t<div class=\"elementor-widget-container\">\n\t\t\t\t\t\t\t\t\t<p>The fireplace in the middle of the room creates a cozy atmosphere, while the benches are covered with faux-fur rugs, which add to the comfort. <br \/>A large window on the side of each dome lets in the light of day or the night sky, for the guests to enjoy. This is a great opportunity to connect with the Icelandic nature and live a unique and unforgettable experience.<\/p><p>Between the two domes there is a walking path, and along the way guests will find five restrooms. The domes are surrounded by beautiful lava fields, and the outdoor area features seven fire pits with seating.<\/p><p>The domes are perfect for incentive events, office parties, birthdays and weddings, to name a few. You can bring your own refreshments or arrange a catering service with our trusted partners. We are here to make your event unique and unforgettable.<\/p><p>Don\u2019t miss this opportunity to party at the one-of-a-kind Aurora Basecamp!<br \/><b>For more information contact\u00a0 <a title=\"mailto:aurora@aurorabasecamp.is\" href=\"mailto:aurora@aurorabasecamp.is\" data-linkindex=\"0\" data-ogsc=\"\">aurora@aurorabasecamp.is<\/a><\/b><\/p>\t\t\t\t\t\t\t\t<\/div>\n\t\t\t\t<\/div>\n\t\t\t\t\t<\/div>\n\t\t<\/div>\n\t\t\t\t\t<\/div>\n\t\t<\/section>\n\t\t\t\t<section class=\"elementor-section elementor-top-section elementor-element elementor-element-66240d5 elementor-reverse-tablet elementor-reverse-mobile elementor-section-boxed elementor-section-height-default elementor-section-height-default elementor-invisible\" data-id=\"66240d5\" data-element_type=\"section\" data-e-type=\"section\" data-settings=\"{&quot;background_background&quot;:&quot;classic&quot;,&quot;animation&quot;:&quot;fadeIn&quot;}\">\n\t\t\t\t\t\t<div class=\"elementor-container elementor-column-gap-default\">\n\t\t\t\t\t<div class=\"elementor-column elementor-col-100 elementor-top-column elementor-element elementor-element-0971afc\" data-id=\"0971afc\" data-element_type=\"column\" data-e-type=\"column\">\n\t\t\t<div class=\"elementor-widget-wrap elementor-element-populated\">\n\t\t\t\t\t\t<div class=\"elementor-element elementor-element-d96210e elementor-widget elementor-widget-image\" data-id=\"d96210e\" data-element_type=\"widget\" data-e-type=\"widget\" data-widget_type=\"image.default\">\n\t\t\t\t<div class=\"elementor-widget-container\">\n\t\t\t\t\t\t\t\t\t\t\t\t\t\t\t<img fetchpriority=\"high\" decoding=\"async\" width=\"2047\" height=\"1151\" src=\"https:\/\/aurorabasecamp.is\/wp-content\/uploads\/2025\/11\/aurorabasecamp-landscape.jpg\" class=\"attachment-full size-full wp-image-1907\" alt=\"\" srcset=\"https:\/\/aurorabasecamp.is\/wp-content\/uploads\/2025\/11\/aurorabasecamp-landscape.jpg 2047w, https:\/\/aurorabasecamp.is\/wp-content\/uploads\/2025\/11\/aurorabasecamp-landscape-300x169.jpg 300w, https:\/\/aurorabasecamp.is\/wp-content\/uploads\/2025\/11\/aurorabasecamp-landscape-1024x576.jpg 1024w, https:\/\/aurorabasecamp.is\/wp-content\/uploads\/2025\/11\/aurorabasecamp-landscape-768x432.jpg 768w, https:\/\/aurorabasecamp.is\/wp-content\/uploads\/2025\/11\/aurorabasecamp-landscape-1536x864.jpg 1536w, https:\/\/aurorabasecamp.is\/wp-content\/uploads\/2025\/11\/aurorabasecamp-landscape-18x10.jpg 18w\" sizes=\"(max-width: 2047px) 100vw, 2047px\">\t\t\t\t\t\t\t\t\t\t\t\t\t\t\t<\/div>\n\t\t\t\t<\/div>\n\t\t\t\t\t<\/div>\n\t\t<\/div>\n\t\t\t\t\t<\/div>\n\t\t<\/section>\n\t\t\t\t<\/div>\n\t\t","protected":false},"excerpt":{"rendered":"<p>A unique location for a private event The Aurora Basecamp domes are located in Hafnarfj\u00f6r\u00f0ur, on the intersection of Kr\u00fdsuv\u00edk road and Bl\u00e1fjallavegur, just 20 minutes away from Reykjav\u00edk. The guests leave Reykjav\u00edk behind and drive into the wilderness of Reykjanes and into another world.The spherical design is what makes this location unique and different [&hellip;]<\/p>\n","protected":false},"author":1,"featured_media":0,"parent":0,"menu_order":0,"comment_status":"closed","ping_status":"closed","template":"","meta":{"om_disable_all_campaigns":false,"footnotes":""},"class_list":["post-420","page","type-page","status-publish","hentry"],"_links":{"self":[{"href":"https:\/\/aurorabasecamp.is\/is\/wp-json\/wp\/v2\/pages\/420","targetHints":{"allow":["GET"]}}],"collection":[{"href":"https:\/\/aurorabasecamp.is\/is\/wp-json\/wp\/v2\/pages"}],"about":[{"href":"https:\/\/aurorabasecamp.is\/is\/wp-json\/wp\/v2\/types\/page"}],"author":[{"embeddable":true,"href":"https:\/\/aurorabasecamp.is\/is\/wp-json\/wp\/v2\/users\/1"}],"replies":[{"embeddable":true,"href":"https:\/\/aurorabasecamp.is\/is\/wp-json\/wp\/v2\/comments?post=420"}],"version-history":[{"count":43,"href":"https:\/\/aurorabasecamp.is\/is\/wp-json\/wp\/v2\/pages\/420\/revisions"}],"predecessor-version":[{"id":1984,"href":"https:\/\/aurorabasecamp.is\/is\/wp-json\/wp\/v2\/pages\/420\/revisions\/1984"}],"wp:attachment":[{"href":"https:\/\/aurorabasecamp.is\/is\/wp-json\/wp\/v2\/media?parent=420"}],"curies":[{"name":"wp","href":"https:\/\/api.w.org\/{rel}","templated":true}]}}